{"id":494,"date":"2021-02-15T06:48:24","date_gmt":"2021-02-15T06:48:24","guid":{"rendered":"https:\/\/xn--principedepazjesusesseor-mlc.com\/index.php\/about\/"},"modified":"2023-11-04T21:30:08","modified_gmt":"2023-11-04T21:30:08","slug":"fundacion","status":"publish","type":"page","link":"https:\/\/xn--principedepazjesusesseor-mlc.com\/index.php\/fundacion\/","title":{"rendered":"Fundaci\u00f3n"},"content":{"rendered":"\t\t<div data-elementor-type=\"wp-page\" data-elementor-id=\"494\" class=\"elementor elementor-494\" data-elementor-settings=\"[]\">\n\t\t\t\t\t\t\t<div class=\"elementor-section-wrap\">\n\t\t\t\t\t\t\t<section class=\"elementor-section elementor-top-section elementor-element elementor-element-c6943fb elementor-section-boxed elementor-section-height-default elementor-section-height-default\" data-id=\"c6943fb\" data-element_type=\"section\" data-settings=\"{&quot;background_background&quot;:&quot;classic&quot;}\">\n\t\t\t\t\t\t<div class=\"elementor-container elementor-column-gap-no\">\n\t\t\t\t\t<div class=\"elementor-column elementor-col-100 elementor-top-column elementor-element elementor-element-fac106b\" data-id=\"fac106b\" data-element_type=\"column\">\n\t\t\t<div class=\"elementor-widget-wrap elementor-element-populated\">\n\t\t\t\t\t\t\t\t<div class=\"elementor-element elementor-element-5837c6c elementor-widget elementor-widget-heading\" data-id=\"5837c6c\" data-element_type=\"widget\" data-widget_type=\"heading.default\">\n\t\t\t\t<div class=\"elementor-widget-container\">\n\t\t\t<h2 class=\"elementor-heading-title elementor-size-default\">Iglesia Misi\u00f3n Evang\u00e9lica\nPr\u00edncipe de Paz Central<\/h2>\t\t<\/div>\n\t\t\t\t<\/div>\n\t\t\t\t\t<\/div>\n\t\t<\/div>\n\t\t\t\t\t\t\t<\/div>\n\t\t<\/section>\n\t\t\t\t<section class=\"elementor-section elementor-top-section elementor-element elementor-element-iifug3q elementor-section-content-middle elementor-section-boxed elementor-section-height-default elementor-section-height-default\" data-id=\"iifug3q\" data-element_type=\"section\" data-settings=\"{&quot;background_background&quot;:&quot;classic&quot;}\">\n\t\t\t\t\t\t<div class=\"elementor-container elementor-column-gap-no\">\n\t\t\t\t\t<div class=\"elementor-column elementor-col-50 elementor-top-column elementor-element elementor-element-87113ef\" data-id=\"87113ef\" data-element_type=\"column\">\n\t\t\t<div class=\"elementor-widget-wrap elementor-element-populated\">\n\t\t\t\t\t\t\t\t<div class=\"elementor-element elementor-element-c3e260c elementor-widget elementor-widget-heading\" data-id=\"c3e260c\" data-element_type=\"widget\" data-widget_type=\"heading.default\">\n\t\t\t\t<div class=\"elementor-widget-container\">\n\t\t\t<h2 class=\"elementor-heading-title elementor-size-default\">Misi\u00f3n<\/h2>\t\t<\/div>\n\t\t\t\t<\/div>\n\t\t\t\t<div class=\"elementor-element elementor-element-9f13fdb elementor-widget elementor-widget-text-editor\" data-id=\"9f13fdb\" data-element_type=\"widget\" data-widget_type=\"text-editor.default\">\n\t\t\t\t<div class=\"elementor-widget-container\">\n\t\t\t\t\t\t\t<p>La biblia es nuestro manual fundamental para presentar reglas y normas en nuestras iglesias en diferentes departamentos de nuestro pa\u00eds Guatemala. Solo as\u00ed se puede mantener una doctrina sana y pura, para que sirva de base para la conducta de los miembros de la Iglesia. Y ayudar\u00e1 al reci\u00e9n convertido a comprender sus nuevas relaciones para con los dem\u00e1s cristianos evang\u00e9licos y con la sociedad contiene principios que le ayudar\u00e1n en alto y digno puesto de ser miembro activo.<\/p><p><strong>\u00a0<\/strong><\/p><p>\u00a0<\/p>\t\t\t\t\t\t<\/div>\n\t\t\t\t<\/div>\n\t\t\t\t\t<\/div>\n\t\t<\/div>\n\t\t\t\t<div class=\"elementor-column elementor-col-50 elementor-top-column elementor-element elementor-element-f1d9dd1\" data-id=\"f1d9dd1\" data-element_type=\"column\">\n\t\t\t<div class=\"elementor-widget-wrap elementor-element-populated\">\n\t\t\t\t\t\t\t\t<div class=\"elementor-element elementor-element-7ac3cf5 elementor-widget elementor-widget-heading\" data-id=\"7ac3cf5\" data-element_type=\"widget\" data-widget_type=\"heading.default\">\n\t\t\t\t<div class=\"elementor-widget-container\">\n\t\t\t<h2 class=\"elementor-heading-title elementor-size-default\">Visi\u00f3n<\/h2>\t\t<\/div>\n\t\t\t\t<\/div>\n\t\t\t\t<div class=\"elementor-element elementor-element-4b4f493 elementor-widget elementor-widget-text-editor\" data-id=\"4b4f493\" data-element_type=\"widget\" data-widget_type=\"text-editor.default\">\n\t\t\t\t<div class=\"elementor-widget-container\">\n\t\t\t\t\t\t\t<p>El pastor se encargar\u00e1 de establecer ense\u00f1anza por lo menos una vez por semana en un per\u00edodo de tres meses para el reci\u00e9n convertidos. Sobre dichas normas y doctrinas, de esta manera los reci\u00e9n convertidos quiere decir, miembros en preparaci\u00f3n que ya se les hayan puesto estas ense\u00f1anzas y que aceptan humildemente de ser seguidores de Jes\u00fas se les puede bautizar en agua y ser recibido en la iglesia como miembro activo.<\/p><p>\u00a0<\/p><p>Los que aprecian, valoran dichos reglamentos y normas doctrinarias que est\u00e1n respaldados con la Santa Biblia sabemos que son de Dios.<\/p><p><strong>\u00a0<\/strong><\/p>\t\t\t\t\t\t<\/div>\n\t\t\t\t<\/div>\n\t\t\t\t\t<\/div>\n\t\t<\/div>\n\t\t\t\t\t\t\t<\/div>\n\t\t<\/section>\n\t\t\t\t\t\t<\/div>\n\t\t\t\t\t<\/div>\n\t\t","protected":false},"excerpt":{"rendered":"<p>Iglesia Misi\u00f3n Evang\u00e9lica Pr\u00edncipe de Paz Central Misi\u00f3n La biblia es nuestro manual fundamental para presentar reglas y normas en nuestras iglesias en diferentes departamentos de nuestro pa\u00eds Guatemala. Solo as\u00ed se puede mantener una doctrina sana y pura, para que sirva de base para la conducta de los miembros de la Iglesia. Y ayudar\u00e1 &hellip;<\/p>\n<p class=\"read-more\"> <a class=\"\" href=\"https:\/\/xn--principedepazjesusesseor-mlc.com\/index.php\/fundacion\/\"> <span class=\"screen-reader-text\">Fundaci\u00f3n<\/span> Leer m\u00e1s &raquo;<\/a><\/p>\n","protected":false},"author":1,"featured_media":0,"parent":0,"menu_order":0,"comment_status":"closed","ping_status":"closed","template":"","meta":{"om_disable_all_campaigns":false,"_monsterinsights_skip_tracking":false,"_monsterinsights_sitenote_active":false,"_monsterinsights_sitenote_note":"","_monsterinsights_sitenote_category":0,"site-sidebar-layout":"no-sidebar","site-content-layout":"page-builder","ast-main-header-display":"","ast-hfb-above-header-display":"","ast-hfb-below-header-display":"","ast-hfb-mobile-header-display":"","site-post-title":"disabled","ast-breadcrumbs-content":"disabled","ast-featured-img":"disabled","footer-sml-layout":"","theme-transparent-header-meta":"enabled","adv-header-id-meta":"","stick-header-meta":"","header-above-stick-meta":"","header-main-stick-meta":"","header-below-stick-meta":""},"_links":{"self":[{"href":"https:\/\/xn--principedepazjesusesseor-mlc.com\/index.php\/wp-json\/wp\/v2\/pages\/494"}],"collection":[{"href":"https:\/\/xn--principedepazjesusesseor-mlc.com\/index.php\/wp-json\/wp\/v2\/pages"}],"about":[{"href":"https:\/\/xn--principedepazjesusesseor-mlc.com\/index.php\/wp-json\/wp\/v2\/types\/page"}],"author":[{"embeddable":true,"href":"https:\/\/xn--principedepazjesusesseor-mlc.com\/index.php\/wp-json\/wp\/v2\/users\/1"}],"replies":[{"embeddable":true,"href":"https:\/\/xn--principedepazjesusesseor-mlc.com\/index.php\/wp-json\/wp\/v2\/comments?post=494"}],"version-history":[{"count":22,"href":"https:\/\/xn--principedepazjesusesseor-mlc.com\/index.php\/wp-json\/wp\/v2\/pages\/494\/revisions"}],"predecessor-version":[{"id":1946,"href":"https:\/\/xn--principedepazjesusesseor-mlc.com\/index.php\/wp-json\/wp\/v2\/pages\/494\/revisions\/1946"}],"wp:attachment":[{"href":"https:\/\/xn--principedepazjesusesseor-mlc.com\/index.php\/wp-json\/wp\/v2\/media?parent=494"}],"curies":[{"name":"wp","href":"https:\/\/api.w.org\/{rel}","templated":true}]}}